{"id":1141,"date":"2016-03-24T12:58:25","date_gmt":"2016-03-24T12:58:25","guid":{"rendered":"http:\/\/www.vectorblau.com\/nosotros\/"},"modified":"2021-02-18T12:08:43","modified_gmt":"2021-02-18T12:08:43","slug":"uber-uns","status":"publish","type":"page","link":"https:\/\/www.vectorblau.com\/de\/uber-uns\/","title":{"rendered":"\u00fcber uns"},"content":{"rendered":"<p>[vc_row row_type=&#8221;row&#8221; use_row_as_full_screen_section=&#8221;no&#8221; type=&#8221;grid&#8221; text_align=&#8221;left&#8221; background_animation=&#8221;none&#8221; css_animation=&#8221;&#8221; css=&#8221;.vc_custom_1613650090163{margin-top: 100px !important;}&#8221;][vc_column offset=&#8221;vc_col-lg-offset-0 vc_col-lg-5 vc_col-md-offset-0 vc_col-md-5 vc_col-sm-offset-0&#8243;][vc_column_text]<\/p>\n<h2>Vector Blau since 1967<\/h2>\n<p>[\/vc_column_text][vc_separator type=&#8221;transparent&#8221; border_style=&#8221;&#8221; up=&#8221;40&#8243; down=&#8221;0&#8243;][vc_single_image image=&#8221;955&#8243; img_size=&#8221;large&#8221; qode_css_animation=&#8221;&#8221;][vc_column_text]Bei Vector Blau bestehen wir darauf, unserer Arbeit einen Mehrwert zu verleihen und bem\u00fchen uns stets um Kundenzufriedenheit. Deshalb realisieren wir:<br \/>\n\u00b7 Installationsprojekte in Zusammenarbeit mit dem Immobilienteam, Architekten und Dekorateuren.<br \/>\n\u00b7 Hyperdetaillierte Vermessungen, um den optimierte Preise zu erreichen<br \/>\n\u00b7 Begelitung bei der Auftragsvergabe und Verhandlung mit Industriellen und Bauunternehmen.<br \/>\n\u00b7 Umfassende \u00dcberwachung der Arbeiten und Zertifizierungen.<br \/>\n\u00b7 Nachfassen bis zum Abschluss der Arbeiten, Inbetriebnahme und Legalisierung.[\/vc_column_text][\/vc_column][vc_column offset=&#8221;vc_col-lg-offset-0 vc_col-lg-7 vc_col-md-offset-0 vc_col-md-7 vc_col-sm-offset-0&#8243;][vc_column_text]<\/p>\n<h4>Herr Jeroni Cabot gr\u00fcndete Cabot Consulting vor mehr als 40 Jahren. Als Pionier bei Hotelinstallationen implementierte das Unternehmen eine Vielzahl neuer technischer L\u00f6sungen, um den Verbrauch zu senken und Energie zu sparen. Er war an der Einf\u00fchrung von Ashrae in Spanien und der Gr\u00fcndung von Atecyr beteiligt. Seine Handschrift und die Qualit\u00e4t der Arbeit zeigten sich in der Vielzahl der von ihm entwickelten Einrichtungen.<br \/>\nIm Jahr 2006 traten Carlos Guti\u00e9rrez und Toni Vila dem Ingenieurb\u00fcro bei. Das neue Team konsolidiert Cabot Proyectos SLP zwischen 2006 und 2020 als Referenz unter den Ingenieurb\u00fcros.<br \/>\nIm Jahr 2020 wurde das Unternehmen umgestaltet, um es an die Umst\u00e4nde anzupassen. Es wurde in Vector Blau Project SLP umbenannt und Toni Vila und Carlos Guti\u00e9rrez \u00fcbernehmen die Verantwortung.<br \/>\nDas Ingenieursteam f\u00e4hrt heute mit der gleichen Philosophie, Begeisterung und Qualit\u00e4t fort, wie der Gr\u00fcnder angefangen hat. Wir verf\u00fcgen \u00fcber die Erfahrung der Vergangenheit und versuchen, uns st\u00e4ndig zu verbessern.<\/h4>\n<p>[\/vc_column_text][vc_separator type=&#8221;transparent&#8221; border_style=&#8221;&#8221; up=&#8221;119&#8243; down=&#8221;0&#8243;][\/vc_column][\/vc_row][vc_row row_type=&#8221;row&#8221; use_row_as_full_screen_section=&#8221;no&#8221; type=&#8221;full_width&#8221; text_align=&#8221;left&#8221; background_animation=&#8221;none&#8221; css_animation=&#8221;&#8221;][vc_column][qode_elements_holder number_of_columns=&#8221;three_columns&#8221;][qode_elements_holder_item background_color=&#8221;#f5f5f5&#8243; item_padding=&#8221;14% 11% 14% 14%&#8221; vertical_alignment=&#8221;middle&#8221; item_padding_1280_1600=&#8221;10% 5% 10% 5%&#8221; item_padding_1024_1280=&#8221;0 5% 0 5%&#8221; item_padding_768_1024=&#8221;8% 10% 8% 8%&#8221; item_padding_600_768=&#8221;15% 15% 15% 15%&#8221; item_padding_480_600=&#8221;8% 8% 8% 8%&#8221; item_padding_480=&#8221;8% 8% 8% 8%&#8221;][vc_column_text]<\/p>\n<h3>Spezialisiert auf Hotels, private Immobilien und Geb\u00e4ude<\/h3>\n<p>[\/vc_column_text][vc_separator type=&#8221;transparent&#8221; border_style=&#8221;&#8221; up=&#8221;22&#8243; down=&#8221;0&#8243;][vc_separator type=&#8221;transparent&#8221; border_style=&#8221;&#8221; up=&#8221;35&#8243; down=&#8221;0&#8243;][\/qode_elements_holder_item][qode_elements_holder_item background_image=&#8221;207&#8243; item_padding_1024_1280=&#8221;40%&#8221; item_padding_768_1024=&#8221;30%&#8221; item_padding_600_768=&#8221;30%&#8221; item_padding_480_600=&#8221;40%&#8221; item_padding_480=&#8221;40%&#8221;][vc_empty_space height=&#8221;0&#8243;][\/qode_elements_holder_item][qode_elements_holder_item background_image=&#8221;208&#8243; item_padding_1024_1280=&#8221;40%&#8221; item_padding_768_1024=&#8221;30%&#8221; item_padding_600_768=&#8221;30%&#8221; item_padding_480_600=&#8221;40%&#8221; item_padding_480=&#8221;40%&#8221;][vc_empty_space height=&#8221;0&#8243;][\/qode_elements_holder_item][\/qode_elements_holder][\/vc_column][\/vc_row][vc_row row_type=&#8221;row&#8221; use_row_as_full_screen_section=&#8221;no&#8221; type=&#8221;full_width&#8221; text_align=&#8221;left&#8221; background_animation=&#8221;none&#8221; css_animation=&#8221;&#8221;][vc_column][qode_elements_holder number_of_columns=&#8221;three_columns&#8221;][qode_elements_holder_item background_image=&#8221;222&#8243; item_padding_1024_1280=&#8221;40%&#8221; item_padding_768_1024=&#8221;30%&#8221; item_padding_600_768=&#8221;30%&#8221; item_padding_480_600=&#8221;40%&#8221; item_padding_480=&#8221;40%&#8221;][vc_empty_space height=&#8221;0&#8243;][\/qode_elements_holder_item][qode_elements_holder_item background_color=&#8221;#f5f5f5&#8243; item_padding=&#8221;14% 11% 14% 14%&#8221; vertical_alignment=&#8221;middle&#8221; item_padding_1280_1600=&#8221;10% 5% 10% 5%&#8221; item_padding_1024_1280=&#8221;0 5% 0 5%&#8221; item_padding_768_1024=&#8221;8% 10% 8% 8%&#8221; item_padding_600_768=&#8221;15% 15% 15% 15%&#8221; item_padding_480_600=&#8221;8% 8% 8% 8%&#8221; item_padding_480=&#8221;8% 8% 8% 8%&#8221;][vc_column_text]<\/p>\n<h3>Begleitung des Projekts von Anfang bis Ende.<\/h3>\n<p>[\/vc_column_text][vc_separator type=&#8221;transparent&#8221; border_style=&#8221;&#8221; up=&#8221;22&#8243; down=&#8221;0&#8243;][vc_separator type=&#8221;transparent&#8221; border_style=&#8221;&#8221; up=&#8221;35&#8243; down=&#8221;0&#8243;][\/qode_elements_holder_item][qode_elements_holder_item background_image=&#8221;223&#8243; item_padding_1024_1280=&#8221;40%&#8221; item_padding_768_1024=&#8221;30%&#8221; item_padding_600_768=&#8221;30%&#8221; item_padding_480_600=&#8221;40%&#8221; item_padding_480=&#8221;40%&#8221;][vc_empty_space height=&#8221;0&#8243;][\/qode_elements_holder_item][\/qode_elements_holder][\/vc_column][\/vc_row][vc_row row_type=&#8221;row&#8221; use_row_as_full_screen_section=&#8221;no&#8221; type=&#8221;grid&#8221; text_align=&#8221;left&#8221; background_animation=&#8221;none&#8221; css_animation=&#8221;&#8221; css=&#8221;.vc_custom_1610627329043{margin-top: 80px !important;margin-bottom: 80px !important;}&#8221;][vc_column width=&#8221;1\/3&#8243;]<div class=\"q_icon_list\"><i class=\"fa fa-check normal_icon_list  circle\" style=\"\"><\/i><p class=\"normal_icon_list \" style=\"\">Installationsprojekte und Ausf\u00fchrungskontrolle.<\/p><\/div><div class=\"q_icon_list\"><i class=\"fa fa-check normal_icon_list  circle\" style=\"\"><\/i><p class=\"normal_icon_list \" style=\"\">Erneuerbare Energie und Energieeffizienz.<\/p><\/div><div class=\"q_icon_list\"><i class=\"fa fa-check normal_icon_list  circle\" style=\"\"><\/i><p class=\"normal_icon_list \" style=\"\">Klimaanlage und Bel\u00fcftung. Anpassung an COVID19.<\/p><\/div><div class=\"q_icon_list\"><i class=\"fa fa-check normal_icon_list  circle\" style=\"\"><\/i><p class=\"normal_icon_list \" style=\"\">Klempnerei und sanit\u00e4re Installationen.<\/p><\/div><div class=\"q_icon_list\"><i class=\"fa fa-check normal_icon_list  circle\" style=\"\"><\/i><p class=\"normal_icon_list \" style=\"\">Niederspannung.<\/p><\/div>[\/vc_column][vc_column width=&#8221;1\/3&#8243;]<div class=\"q_icon_list\"><i class=\"fa fa-check normal_icon_list  circle\" style=\"\"><\/i><p class=\"normal_icon_list \" style=\"\">Mittelspannung.<\/p><\/div><div class=\"q_icon_list\"><i class=\"fa fa-check normal_icon_list  circle\" style=\"\"><\/i><p class=\"normal_icon_list \" style=\"\">Besondere Einrichtungen.<\/p><\/div><div class=\"q_icon_list\"><i class=\"fa fa-check normal_icon_list  circle\" style=\"\"><\/i><p class=\"normal_icon_list \" style=\"\">Domotik.<\/p><\/div><div class=\"q_icon_list\"><i class=\"fa fa-check normal_icon_list  circle\" style=\"\"><\/i><p class=\"normal_icon_list \" style=\"\">Aktivit\u00e4ten.<\/p><\/div><div class=\"q_icon_list\"><i class=\"fa fa-check normal_icon_list  circle\" style=\"\"><\/i><p class=\"normal_icon_list \" style=\"\">Sichterheitsplanung.<\/p><\/div>[\/vc_column][vc_column width=&#8221;1\/3&#8243;]<div class=\"q_icon_list\"><i class=\"fa fa-check normal_icon_list  circle\" style=\"\"><\/i><p class=\"normal_icon_list \" style=\"\">Administration und Beh\u00f6rdeng\u00e4nge.<\/p><\/div><div class=\"q_icon_list\"><i class=\"fa fa-check normal_icon_list  circle\" style=\"\"><\/i><p class=\"normal_icon_list \" style=\"\">Subventionsantr\u00e4ge.<\/p><\/div><div class=\"q_icon_list\"><i class=\"fa fa-check normal_icon_list  circle\" style=\"\"><\/i><p class=\"normal_icon_list \" style=\"\">Planung von Anlagen.<\/p><\/div>[\/vc_column][\/vc_row][vc_row row_type=&#8221;parallax&#8221; text_align=&#8221;center&#8221; background_image=&#8221;429&#8243; full_screen_section_height=&#8221;no&#8221; css=&#8221;.vc_custom_1609244175861{background-position: center !important;background-repeat: no-repeat !important;background-size: contain !important;}&#8221;][vc_column][vc_empty_space height=&#8221;91px&#8221;]<a href=\"http:\/\/www.vectorblau.com\/de\/kontakt\/\" target=\"_self\"  class=\"qbutton  move_icon\" style=\"color: #ffffff; \">Kontaktieren Sie Vector Blau<\/a>[vc_empty_space height=&#8221;91px&#8221;][\/vc_column][\/vc_row]<\/p>\n","protected":false},"excerpt":{"rendered":"<p>[vc_row row_type=&#8221;row&#8221; use_row_as_full_screen_section=&#8221;no&#8221; type=&#8221;grid&#8221; text_align=&#8221;left&#8221; background_animation=&#8221;none&#8221; css_animation=&#8221;&#8221; css=&#8221;.vc_custom_1613650090163{margin-top: 100px !important;}&#8221;][vc_column offset=&#8221;vc_col-lg-offset-0 vc_col-lg-5 vc_col-md-offset-0 vc_col-md-5 vc_col-sm-offset-0&#8243;][vc_column_text] Vector Blau since 1967 [\/vc_column_text][vc_separator type=&#8221;transparent&#8221; border_style=&#8221;&#8221; up=&#8221;40&#8243; down=&#8221;0&#8243;][vc_single_image image=&#8221;955&#8243; img_size=&#8221;large&#8221; qode_css_animation=&#8221;&#8221;][vc_column_text]Bei Vector Blau bestehen wir darauf, unserer Arbeit einen Mehrwert zu verleihen und bem\u00fchen uns stets um Kundenzufriedenheit. Deshalb&#8230;<\/p>\n","protected":false},"author":1,"featured_media":0,"parent":0,"menu_order":0,"comment_status":"closed","ping_status":"closed","template":"full_width.php","meta":[],"_links":{"self":[{"href":"https:\/\/www.vectorblau.com\/de\/wp-json\/wp\/v2\/pages\/1141"}],"collection":[{"href":"https:\/\/www.vectorblau.com\/de\/wp-json\/wp\/v2\/pages"}],"about":[{"href":"https:\/\/www.vectorblau.com\/de\/wp-json\/wp\/v2\/types\/page"}],"author":[{"embeddable":true,"href":"https:\/\/www.vectorblau.com\/de\/wp-json\/wp\/v2\/users\/1"}],"replies":[{"embeddable":true,"href":"https:\/\/www.vectorblau.com\/de\/wp-json\/wp\/v2\/comments?post=1141"}],"version-history":[{"count":5,"href":"https:\/\/www.vectorblau.com\/de\/wp-json\/wp\/v2\/pages\/1141\/revisions"}],"predecessor-version":[{"id":1257,"href":"https:\/\/www.vectorblau.com\/de\/wp-json\/wp\/v2\/pages\/1141\/revisions\/1257"}],"wp:attachment":[{"href":"https:\/\/www.vectorblau.com\/de\/wp-json\/wp\/v2\/media?parent=1141"}],"curies":[{"name":"wp","href":"https:\/\/api.w.org\/{rel}","templated":true}]}}