{"id":976,"date":"2021-02-12T17:07:38","date_gmt":"2021-02-12T17:07:38","guid":{"rendered":"http:\/\/www.vectorblau.com\/?page_id=976"},"modified":"2021-03-08T17:34:14","modified_gmt":"2021-03-08T17:34:14","slug":"inici","status":"publish","type":"page","link":"https:\/\/www.vectorblau.com\/ca\/","title":{"rendered":"Inici"},"content":{"rendered":"<p>[vc_row row_type=&#8221;row&#8221; use_row_as_full_screen_section=&#8221;no&#8221; type=&#8221;grid&#8221; text_align=&#8221;left&#8221; background_animation=&#8221;none&#8221; padding_top=&#8221;108&#8243; padding_bottom=&#8221;78&#8243; css_animation=&#8221;&#8221;][vc_column offset=&#8221;vc_col-md-5&#8243;][vc_column_text]<\/p>\n<h2>Vector Blau desde 1967<\/h2>\n<p>[\/vc_column_text][vc_empty_space height=&#8221;30px&#8221;][vc_single_image image=&#8221;938&#8243; img_size=&#8221;medium&#8221; qode_css_animation=&#8221;&#8221;][\/vc_column][vc_column offset=&#8221;vc_col-md-7&#8243;][vc_column_text]<\/p>\n<h4 style=\"text-align: justify;\">Vector Blau (Cabot Proyectos SLP)D. Jeroni Cabot va fundar Cabot Consulting fa m\u00e9s de 40 anys. Pioner en instal\u00b7lacions en hotels, va implementar multitud de noves solucions t\u00e8cniques per a la reducci\u00f3 de consums i per a l&#8217;estalvi energ\u00e8tic. Va participar en l&#8217;arribada a Espanya de ASHRAE i en la fundaci\u00f3 d\u2019Atecyr. La seva signatura, i la qualitat de la feina han quedat patents en la gran quantitat d&#8217;instal\u00b7lacions que ha desenvolupat.A partir de 2006, s&#8217;incorporen al despatx d&#8217;enginyeria Carlos Guti\u00e9rrez i Toni Vila. El nou equip consolida Cabot Projectes SLP com una enginyeria de refer\u00e8ncia, entre 2006 i 2020.Al 2020 l&#8217;empresa es reconfigura per adaptar-se a les circumst\u00e0ncies, passa a dir-se Vector Blau Project SLP, i queden al front Toni Vila i Carlos Guti\u00e9rrez.L&#8217;equip t\u00e8cnic continua actualment amb la mateixa filosofia, il\u00b7lusi\u00f3 i qualitat impresa pel fundador. Comptant amb l&#8217;experi\u00e8ncia de l&#8217;any passat i sempre intentant millorar.<\/h4>\n<p>[\/vc_column_text][vc_empty_space height=&#8221;30px&#8221;][\/vc_column][\/vc_row][vc_row row_type=&#8221;row&#8221; use_row_as_full_screen_section=&#8221;no&#8221; type=&#8221;grid&#8221; text_align=&#8221;center&#8221; background_animation=&#8221;none&#8221; padding_top=&#8221;124&#8243; padding_bottom=&#8221;101&#8243; css_animation=&#8221;&#8221; background_color=&#8221;#f9f9f9&#8243;][vc_column offset=&#8221;vc_col-lg-3 vc_col-md-6&#8243;]<div class='q_icon_with_title   center with_custom_icon'><div class=\"icon_holder q_icon_animation\" style=\"margin: 0 0 0 0; \"><div class=\"icon_holder_inner\"><img width=\"87\" height=\"87\" src=\"https:\/\/www.vectorblau.com\/wp-content\/uploads\/2017\/07\/icon-3.png\" class=\"attachment-full size-full\" alt=\"a\" loading=\"lazy\" \/><\/div><\/div><div class=\"icon_text_holder\" style=\"\"><div class=\"icon_text_inner\" style=\"\"><h5 class=\"icon_title\" style=\"color: #333333\">Projectes d'instal\u00b7lacions i control d'execuci\u00f3.<\/h5><p style=''><\/p><\/div><\/div><\/div>[vc_empty_space height=&#8221;50px&#8221;][\/vc_column][vc_column offset=&#8221;vc_col-lg-3 vc_col-md-6&#8243;]<div class='q_icon_with_title   center with_custom_icon'><div class=\"icon_holder q_icon_animation\" style=\"margin: 0 0 0 0; transition-delay: 150ms; -webkit-transition-delay: 150ms; -moz-transition-delay: 150ms; -o-transition-delay: 150ms;\"><div class=\"icon_holder_inner\"><img width=\"87\" height=\"87\" src=\"https:\/\/www.vectorblau.com\/wp-content\/uploads\/2021\/01\/euro.png\" class=\"attachment-full size-full\" alt=\"\" loading=\"lazy\" \/><\/div><\/div><div class=\"icon_text_holder\" style=\"\"><div class=\"icon_text_inner\" style=\"\"><h5 class=\"icon_title\" style=\"color: #333333\">Assessoria t\u00e8cnica i econ\u00f2mica.<\/h5><p style=''><\/p><\/div><\/div><\/div>[vc_empty_space height=&#8221;50px&#8221;][\/vc_column][vc_column offset=&#8221;vc_col-lg-3 vc_col-md-6&#8243;]<div class='q_icon_with_title   center with_custom_icon'><div class=\"icon_holder q_icon_animation\" style=\"margin: 0 0 0 0; transition-delay: 300ms; -webkit-transition-delay: 300ms; -moz-transition-delay: 300ms; -o-transition-delay: 300ms;\"><div class=\"icon_holder_inner\"><img width=\"87\" height=\"87\" src=\"https:\/\/www.vectorblau.com\/wp-content\/uploads\/2017\/07\/icon-2.png\" class=\"attachment-full size-full\" alt=\"a\" loading=\"lazy\" \/><\/div><\/div><div class=\"icon_text_holder\" style=\"\"><div class=\"icon_text_inner\" style=\"\"><h5 class=\"icon_title\" style=\"color: #333333\">Contraincendis - BMS.<\/h5><p style=''><\/p><\/div><\/div><\/div>[vc_empty_space height=&#8221;50px&#8221;][\/vc_column][vc_column offset=&#8221;vc_col-lg-3 vc_col-md-6&#8243;]<div class='q_icon_with_title   center with_custom_icon'><div class=\"icon_holder q_icon_animation\" style=\"margin: 0 0 0 0; transition-delay: 450ms; -webkit-transition-delay: 450ms; -moz-transition-delay: 450ms; -o-transition-delay: 450ms;\"><div class=\"icon_holder_inner\"><img width=\"87\" height=\"87\" src=\"https:\/\/www.vectorblau.com\/wp-content\/uploads\/2021\/01\/hoja-grey.png\" class=\"attachment-full size-full\" alt=\"\" loading=\"lazy\" \/><\/div><\/div><div class=\"icon_text_holder\" style=\"\"><div class=\"icon_text_inner\" style=\"\"><h5 class=\"icon_title\" style=\"color: #333333\">Efici\u00e8ncia energ\u00e8tica.<\/h5><p style=''><\/p><\/div><\/div><\/div>[vc_empty_space height=&#8221;50px&#8221;][\/vc_column][\/vc_row][vc_row row_type=&#8221;row&#8221; use_row_as_full_screen_section=&#8221;no&#8221; type=&#8221;full_width&#8221; text_align=&#8221;left&#8221; background_animation=&#8221;none&#8221; css_animation=&#8221;&#8221;][vc_column width=&#8221;1\/3&#8243;]<div class=\"qode-interactive-image active\">\n\t\t<div class=\"qode-ii-image-holder\">\n\t\t<img src=\"https:\/\/www.vectorblau.com\/wp-content\/uploads\/2016\/03\/153388170.jpg\" alt=\"HOTELS\" \/>\n\t<\/div>\n\t\t<div class=\"qode-ii-info-holder\">\n        <div class=\"qode-ii-info-holder-inner\">\n\t\t\t<h2 class=\"qode-ii-title\">\n\t\t\t\tHOTELS\t\t\t<\/h2>\n\t\t\t\t\t\t<a href=\"http:\/\/www.vectorblau.com\/ca\/hotels\/\" target=\"_self\"  class=\"qbutton  qode-iwoi-link\" style=\"font-weight: 600; font-size: 14px; \">VEURE M\u00c9S<\/a>\t    <\/div>\n\t<\/div>\n<\/div>[\/vc_column][vc_column width=&#8221;1\/3&#8243;]<div class=\"qode-interactive-image active\">\n\t\t<div class=\"qode-ii-image-holder\">\n\t\t<img src=\"https:\/\/www.vectorblau.com\/wp-content\/uploads\/2020\/12\/home-vector-blau-ok.jpg\" alt=\"EDIFICIS SINGULARS\" \/>\n\t<\/div>\n\t\t<div class=\"qode-ii-info-holder\">\n        <div class=\"qode-ii-info-holder-inner\">\n\t\t\t<h2 class=\"qode-ii-title\">\n\t\t\t\tEDIFICIS SINGULARS\t\t\t<\/h2>\n\t\t\t\t\t\t<a href=\"http:\/\/www.vectorblau.com\/ca\/edificis\/\" target=\"_self\"  class=\"qbutton  qode-iwoi-link\" style=\"font-weight: 600; font-size: 14px; \">VEURE M\u00c9S<\/a>\t    <\/div>\n\t<\/div>\n<\/div>[\/vc_column][vc_column width=&#8221;1\/3&#8243;]<div class=\"qode-interactive-image active\">\n\t\t<div class=\"qode-ii-image-holder\">\n\t\t<img src=\"https:\/\/www.vectorblau.com\/wp-content\/uploads\/2021\/01\/foto-home-viviendas.jpg\" alt=\"RESIDENCIAL D&#039;ALT STANDING\" \/>\n\t<\/div>\n\t\t<div class=\"qode-ii-info-holder\">\n        <div class=\"qode-ii-info-holder-inner\">\n\t\t\t<h2 class=\"qode-ii-title\">\n\t\t\t\tRESIDENCIAL D&#039;ALT STANDING\t\t\t<\/h2>\n\t\t\t\t\t\t<a href=\"http:\/\/www.vectorblau.com\/ca\/vivendes\/\" target=\"_self\"  class=\"qbutton  qode-iwoi-link\" style=\"font-weight: 600; font-size: 14px; \">VEURE M\u00c9S<\/a>\t    <\/div>\n\t<\/div>\n<\/div>[\/vc_column][\/vc_row][vc_row row_type=&#8221;row&#8221; use_row_as_full_screen_section=&#8221;no&#8221; type=&#8221;grid&#8221; text_align=&#8221;left&#8221; background_animation=&#8221;none&#8221; css_animation=&#8221;&#8221; css=&#8221;.vc_custom_1610281560281{margin-top: 80px !important;margin-bottom: 80px !important;}&#8221;][vc_column width=&#8221;1\/3&#8243;]<div class=\"q_icon_list\"><i class=\"fa fa-check small_icon_list  circle\" style=\"\"><\/i><p class=\"small_icon_list \" style=\"\">Projectes d'instal\u00b7lacions i control d'execuci\u00f3.<\/p><\/div><div class=\"q_icon_list\"><i class=\"fa fa-check small_icon_list  circle\" style=\"\"><\/i><p class=\"small_icon_list \" style=\"\">Energies renovables i efici\u00e8ncia energ\u00e8tica.<\/p><\/div><div class=\"q_icon_list\"><i class=\"fa fa-check small_icon_list  circle\" style=\"\"><\/i><p class=\"small_icon_list \" style=\"\">Climatitzaci\u00f3 i ventilaci\u00f3. Adaptaci\u00f3 a COVID19.<\/p><\/div><div class=\"q_icon_list\"><i class=\"fa fa-check small_icon_list  circle\" style=\"\"><\/i><p class=\"small_icon_list \" style=\"\">Fontaneria i sanejament.<\/p><\/div><div class=\"q_icon_list\"><i class=\"fa fa-check small_icon_list  circle\" style=\"\"><\/i><p class=\"small_icon_list \" style=\"\">Baixa tensi\u00f3.<\/p><\/div>[\/vc_column][vc_column width=&#8221;1\/3&#8243;]<div class=\"q_icon_list\"><i class=\"fa fa-check small_icon_list  circle\" style=\"\"><\/i><p class=\"small_icon_list \" style=\"\">Mitja tensi\u00f3.<\/p><\/div><div class=\"q_icon_list\"><i class=\"fa fa-check small_icon_list  circle\" style=\"\"><\/i><p class=\"small_icon_list \" style=\"\">Instal\u00b7lacions especials.<\/p><\/div><div class=\"q_icon_list\"><i class=\"fa fa-check small_icon_list  circle\" style=\"\"><\/i><p class=\"small_icon_list \" style=\"\">Dom\u00f2tica.<\/p><\/div><div class=\"q_icon_list\"><i class=\"fa fa-check small_icon_list  circle\" style=\"\"><\/i><p class=\"small_icon_list \" style=\"\">Activitats.<\/p><\/div><div class=\"q_icon_list\"><i class=\"fa fa-check small_icon_list  circle\" style=\"\"><\/i><p class=\"small_icon_list \" style=\"\">Plans d'autoprotecci\u00f3.<\/p><\/div>[\/vc_column][vc_column width=&#8221;1\/3&#8243;]<div class=\"q_icon_list\"><i class=\"fa fa-check small_icon_list  circle\" style=\"\"><\/i><p class=\"small_icon_list \" style=\"\">Tramitacions.<\/p><\/div><div class=\"q_icon_list\"><i class=\"fa fa-check small_icon_list  circle\" style=\"\"><\/i><p class=\"small_icon_list \" style=\"\">Obtenci\u00f3 de Subvencions.<\/p><\/div><div class=\"q_icon_list\"><i class=\"fa fa-check small_icon_list  circle\" style=\"\"><\/i><p class=\"small_icon_list \" style=\"\">Tot tipus de desenvolupaments d'instal\u00b7lacions.<\/p><\/div>[\/vc_column][\/vc_row][vc_row row_type=&#8221;row&#8221; use_row_as_full_screen_section=&#8221;no&#8221; type=&#8221;full_width&#8221; text_align=&#8221;left&#8221; background_animation=&#8221;none&#8221; css_animation=&#8221;&#8221;][vc_column][vc_gmaps link=&#8221;#E-8_JTNDaWZyYW1lJTIwc3JjJTNEJTIyaHR0cHMlM0ElMkYlMkZ3d3cuZ29vZ2xlLmNvbSUyRm1hcHMlMkZlbWJlZCUzRnBiJTNEJTIxMW0xOCUyMTFtMTIlMjExbTMlMjExZDMwNzUuNDE3ODAwNDk2ODY5NCUyMTJkMi42MTc3Nzk4NTA2OTM2MzQzJTIxM2QzOS41NzI3MzMyNzkzNzE0JTIxMm0zJTIxMWYwJTIxMmYwJTIxM2YwJTIxM20yJTIxMWkxMDI0JTIxMmk3NjglMjE0ZjEzLjElMjEzbTMlMjExbTIlMjExczB4MTI5NzkyNzg2ODZlZTgwYiUyNTNBMHg0YjdlODkyODcxMWM5YmYlMjEyc0NhbSUyNUMzJTI1QUQlMjUyMGRlJTI1MjBHJTI1QzMlMjVBOG5vdmElMjUyQyUyNTIwNCUyNTJDJTI1MjBvZmljaW5hJTI1MjA1JTI1MkMlMjUyMDA3MDE0JTI1MjBQYWxtYSUyNTJDJTI1MjBJbGxlcyUyNTIwQmFsZWFycyUyMTVlMCUyMTNtMiUyMTFzZXMlMjEyc2VzJTIxNHYxNjEwMjgxOTAwNzYzJTIxNW0yJTIxMXNlcyUyMTJzZXMlMjIlMjB3aWR0aCUzRCUyMjYwMCUyMiUyMGhlaWdodCUzRCUyMjQ1MCUyMiUyMGZyYW1lYm9yZGVyJTNEJTIyMCUyMiUyMHN0eWxlJTNEJTIyYm9yZGVyJTNBMCUzQiUyMiUyMGFsbG93ZnVsbHNjcmVlbiUzRCUyMiUyMiUyMGFyaWEtaGlkZGVuJTNEJTIyZmFsc2UlMjIlMjB0YWJpbmRleCUzRCUyMjAlMjIlM0UlM0MlMkZpZnJhbWUlM0U=&#8221; size=&#8221;378&#8243;][\/vc_column][\/vc_row][vc_row row_type=&#8221;parallax&#8221; text_align=&#8221;center&#8221; background_image=&#8221;429&#8243; full_screen_section_height=&#8221;no&#8221; css=&#8221;.vc_custom_1609244175861{background-position: center !important;background-repeat: no-repeat !important;background-size: contain !important;}&#8221;][vc_column][vc_empty_space height=&#8221;91px&#8221;]<a href=\"http:\/\/www.vectorblau.com\/ca\/contacte\/\" target=\"_self\"  class=\"qbutton  move_icon\" style=\"color: #ffffff; \">CONTACTAR AMB VECTOR BLAU<\/a>[vc_empty_space height=&#8221;91px&#8221;][\/vc_column][\/vc_row]<\/p>\n","protected":false},"excerpt":{"rendered":"<p>[vc_row row_type=&#8221;row&#8221; use_row_as_full_screen_section=&#8221;no&#8221; type=&#8221;grid&#8221; text_align=&#8221;left&#8221; background_animation=&#8221;none&#8221; padding_top=&#8221;108&#8243; padding_bottom=&#8221;78&#8243; css_animation=&#8221;&#8221;][vc_column offset=&#8221;vc_col-md-5&#8243;][vc_column_text] Vector Blau desde 1967 [\/vc_column_text][vc_empty_space height=&#8221;30px&#8221;][vc_single_image image=&#8221;938&#8243; img_size=&#8221;medium&#8221; qode_css_animation=&#8221;&#8221;][\/vc_column][vc_column offset=&#8221;vc_col-md-7&#8243;][vc_column_text] Vector Blau (Cabot Proyectos SLP)D. Jeroni Cabot va fundar Cabot Consulting fa m\u00e9s de 40 anys. Pioner en instal\u00b7lacions en hotels, va implementar multitud de&#8230;<\/p>\n","protected":false},"author":1,"featured_media":0,"parent":0,"menu_order":0,"comment_status":"closed","ping_status":"closed","template":"full_width.php","meta":[],"_links":{"self":[{"href":"https:\/\/www.vectorblau.com\/ca\/wp-json\/wp\/v2\/pages\/976"}],"collection":[{"href":"https:\/\/www.vectorblau.com\/ca\/wp-json\/wp\/v2\/pages"}],"about":[{"href":"https:\/\/www.vectorblau.com\/ca\/wp-json\/wp\/v2\/types\/page"}],"author":[{"embeddable":true,"href":"https:\/\/www.vectorblau.com\/ca\/wp-json\/wp\/v2\/users\/1"}],"replies":[{"embeddable":true,"href":"https:\/\/www.vectorblau.com\/ca\/wp-json\/wp\/v2\/comments?post=976"}],"version-history":[{"count":7,"href":"https:\/\/www.vectorblau.com\/ca\/wp-json\/wp\/v2\/pages\/976\/revisions"}],"predecessor-version":[{"id":1187,"href":"https:\/\/www.vectorblau.com\/ca\/wp-json\/wp\/v2\/pages\/976\/revisions\/1187"}],"wp:attachment":[{"href":"https:\/\/www.vectorblau.com\/ca\/wp-json\/wp\/v2\/media?parent=976"}],"curies":[{"name":"wp","href":"https:\/\/api.w.org\/{rel}","templated":true}]}}