{"id":1139,"date":"2016-03-24T12:58:25","date_gmt":"2016-03-24T12:58:25","guid":{"rendered":"http:\/\/www.vectorblau.com\/nosotros\/"},"modified":"2021-02-18T12:07:47","modified_gmt":"2021-02-18T12:07:47","slug":"nosaltres","status":"publish","type":"page","link":"https:\/\/www.vectorblau.com\/ca\/nosaltres\/","title":{"rendered":"Nosaltres"},"content":{"rendered":"<p>[vc_row row_type=&#8221;row&#8221; use_row_as_full_screen_section=&#8221;no&#8221; type=&#8221;grid&#8221; text_align=&#8221;left&#8221; background_animation=&#8221;none&#8221; css_animation=&#8221;&#8221; css=&#8221;.vc_custom_1613650044516{margin-top: 100px !important;}&#8221;][vc_column offset=&#8221;vc_col-lg-offset-0 vc_col-lg-5 vc_col-md-offset-0 vc_col-md-5 vc_col-sm-offset-0&#8243;][vc_column_text]<\/p>\n<h2>Vector Blau desde 1967<\/h2>\n<p>[\/vc_column_text][vc_separator type=&#8221;transparent&#8221; border_style=&#8221;&#8221; up=&#8221;40&#8243; down=&#8221;0&#8243;][vc_single_image image=&#8221;955&#8243; img_size=&#8221;large&#8221; qode_css_animation=&#8221;&#8221;][vc_column_text]A Vector Blau, insistim molt en donar valor afegit als nostres treballs i buscar sempre la satisfacci\u00f3 del client. Per aix\u00f2, realitzem:<br \/>\n\u00b7 Projectes d&#8217;instal\u00b7lacions en sincronia amb l\u2019equip de propietat, arquitectura i decoraci\u00f3<br \/>\n\u00b7 Mesuraments hiperdetallats per a contractar al preu \u00f2ptim.<br \/>\n\u00b7 Participaci\u00f3 en la contractaci\u00f3 i negociaci\u00f3 amb industrials i constructora.<br \/>\n\u00b7 Seguiment exhaustiu d&#8217;obra i certificacions.<br \/>\n\u00b7 Continu\u00eftat fins a finalitzar obra, posada en funcionament i legalitzacions[\/vc_column_text][\/vc_column][vc_column offset=&#8221;vc_col-lg-offset-0 vc_col-lg-7 vc_col-md-offset-0 vc_col-md-7 vc_col-sm-offset-0&#8243;][vc_column_text]<\/p>\n<h4>D. Jeroni Cabot va fundar Cabot Consulting fa m\u00e9s de 40 anys. Pioner en instal\u00b7lacions en hotels, va implementar multitud de noves solucions t\u00e8cniques per a la reducci\u00f3 de consums i per a l&#8217;estalvi energ\u00e8tic. Va participar en l&#8217;arribada a Espanya de ASHRAE i en la fundaci\u00f3 d\u2019Atecyr. La seva signatura, i la qualitat de la feina han quedat patents en la gran quantitat d&#8217;instal\u00b7lacions que ha desenvolupat.<br \/>\nA partir de 2006, s&#8217;incorporen al despatx d&#8217;enginyeria Carlos Guti\u00e9rrez i Toni Vila. El nou equip consolida Cabot Projectes SLP com una enginyeria de refer\u00e8ncia, entre 2006 i 2020.<br \/>\nAl 2020 l&#8217;empresa es reconfigura per adaptar-se a les circumst\u00e0ncies, passa a dir-se Vector Blau Project SLP, i queden al front Toni Vila i Carlos Guti\u00e9rrez.<br \/>\nL&#8217;equip t\u00e8cnic continua actualment amb la mateixa filosofia, il\u00b7lusi\u00f3 i qualitat impresa pel fundador. Comptant amb l&#8217;experi\u00e8ncia de l&#8217;any passat i sempre intentant millorar.<\/h4>\n<p>[\/vc_column_text][vc_separator type=&#8221;transparent&#8221; border_style=&#8221;&#8221; up=&#8221;119&#8243; down=&#8221;0&#8243;][\/vc_column][\/vc_row][vc_row row_type=&#8221;row&#8221; use_row_as_full_screen_section=&#8221;no&#8221; type=&#8221;full_width&#8221; text_align=&#8221;left&#8221; background_animation=&#8221;none&#8221; css_animation=&#8221;&#8221;][vc_column][qode_elements_holder number_of_columns=&#8221;three_columns&#8221;][qode_elements_holder_item background_color=&#8221;#f5f5f5&#8243; item_padding=&#8221;14% 11% 14% 14%&#8221; vertical_alignment=&#8221;middle&#8221; item_padding_1280_1600=&#8221;10% 5% 10% 5%&#8221; item_padding_1024_1280=&#8221;0 5% 0 5%&#8221; item_padding_768_1024=&#8221;8% 10% 8% 8%&#8221; item_padding_600_768=&#8221;15% 15% 15% 15%&#8221; item_padding_480_600=&#8221;8% 8% 8% 8%&#8221; item_padding_480=&#8221;8% 8% 8% 8%&#8221;][vc_column_text]<\/p>\n<h3>Especialitzats En Hotels, Habitatges i Edificis<\/h3>\n<p>[\/vc_column_text][vc_separator type=&#8221;transparent&#8221; border_style=&#8221;&#8221; up=&#8221;22&#8243; down=&#8221;0&#8243;][vc_separator type=&#8221;transparent&#8221; border_style=&#8221;&#8221; up=&#8221;35&#8243; down=&#8221;0&#8243;][\/qode_elements_holder_item][qode_elements_holder_item background_image=&#8221;207&#8243; item_padding_1024_1280=&#8221;40%&#8221; item_padding_768_1024=&#8221;30%&#8221; item_padding_600_768=&#8221;30%&#8221; item_padding_480_600=&#8221;40%&#8221; item_padding_480=&#8221;40%&#8221;][vc_empty_space height=&#8221;0&#8243;][\/qode_elements_holder_item][qode_elements_holder_item background_image=&#8221;208&#8243; item_padding_1024_1280=&#8221;40%&#8221; item_padding_768_1024=&#8221;30%&#8221; item_padding_600_768=&#8221;30%&#8221; item_padding_480_600=&#8221;40%&#8221; item_padding_480=&#8221;40%&#8221;][vc_empty_space height=&#8221;0&#8243;][\/qode_elements_holder_item][\/qode_elements_holder][\/vc_column][\/vc_row][vc_row row_type=&#8221;row&#8221; use_row_as_full_screen_section=&#8221;no&#8221; type=&#8221;full_width&#8221; text_align=&#8221;left&#8221; background_animation=&#8221;none&#8221; css_animation=&#8221;&#8221;][vc_column][qode_elements_holder number_of_columns=&#8221;three_columns&#8221;][qode_elements_holder_item background_image=&#8221;222&#8243; item_padding_1024_1280=&#8221;40%&#8221; item_padding_768_1024=&#8221;30%&#8221; item_padding_600_768=&#8221;30%&#8221; item_padding_480_600=&#8221;40%&#8221; item_padding_480=&#8221;40%&#8221;][vc_empty_space height=&#8221;0&#8243;][\/qode_elements_holder_item][qode_elements_holder_item background_color=&#8221;#f5f5f5&#8243; item_padding=&#8221;14% 11% 14% 14%&#8221; vertical_alignment=&#8221;middle&#8221; item_padding_1280_1600=&#8221;10% 5% 10% 5%&#8221; item_padding_1024_1280=&#8221;0 5% 0 5%&#8221; item_padding_768_1024=&#8221;8% 10% 8% 8%&#8221; item_padding_600_768=&#8221;15% 15% 15% 15%&#8221; item_padding_480_600=&#8221;8% 8% 8% 8%&#8221; item_padding_480=&#8221;8% 8% 8% 8%&#8221;][vc_column_text]<\/p>\n<h3>Seguiment del Projecte de principi a fi.<\/h3>\n<p>[\/vc_column_text][vc_separator type=&#8221;transparent&#8221; border_style=&#8221;&#8221; up=&#8221;22&#8243; down=&#8221;0&#8243;][vc_separator type=&#8221;transparent&#8221; border_style=&#8221;&#8221; up=&#8221;35&#8243; down=&#8221;0&#8243;][\/qode_elements_holder_item][qode_elements_holder_item background_image=&#8221;223&#8243; item_padding_1024_1280=&#8221;40%&#8221; item_padding_768_1024=&#8221;30%&#8221; item_padding_600_768=&#8221;30%&#8221; item_padding_480_600=&#8221;40%&#8221; item_padding_480=&#8221;40%&#8221;][vc_empty_space height=&#8221;0&#8243;][\/qode_elements_holder_item][\/qode_elements_holder][\/vc_column][\/vc_row][vc_row row_type=&#8221;row&#8221; use_row_as_full_screen_section=&#8221;no&#8221; type=&#8221;grid&#8221; text_align=&#8221;left&#8221; background_animation=&#8221;none&#8221; css_animation=&#8221;&#8221; css=&#8221;.vc_custom_1610627329043{margin-top: 80px !important;margin-bottom: 80px !important;}&#8221;][vc_column width=&#8221;1\/3&#8243;]<div class=\"q_icon_list\"><i class=\"fa fa-check normal_icon_list  circle\" style=\"\"><\/i><p class=\"normal_icon_list \" style=\"\">Projectes d'instal\u00b7lacions i control d'execuci\u00f3.<\/p><\/div><div class=\"q_icon_list\"><i class=\"fa fa-check normal_icon_list  circle\" style=\"\"><\/i><p class=\"normal_icon_list \" style=\"\">Energies renovables i efici\u00e8ncia energ\u00e8tica.<\/p><\/div><div class=\"q_icon_list\"><i class=\"fa fa-check normal_icon_list  circle\" style=\"\"><\/i><p class=\"normal_icon_list \" style=\"\">Climatitzaci\u00f3 i ventilaci\u00f3. Adaptaci\u00f3 a COVID19.<\/p><\/div><div class=\"q_icon_list\"><i class=\"fa fa-check normal_icon_list  circle\" style=\"\"><\/i><p class=\"normal_icon_list \" style=\"\">Fontaneria i sanejament.<\/p><\/div><div class=\"q_icon_list\"><i class=\"fa fa-check normal_icon_list  circle\" style=\"\"><\/i><p class=\"normal_icon_list \" style=\"\">Baixa tensi\u00f3.<\/p><\/div>[\/vc_column][vc_column width=&#8221;1\/3&#8243;]<div class=\"q_icon_list\"><i class=\"fa fa-check normal_icon_list  circle\" style=\"\"><\/i><p class=\"normal_icon_list \" style=\"\">Mitja tensi\u00f3.<\/p><\/div><div class=\"q_icon_list\"><i class=\"fa fa-check normal_icon_list  circle\" style=\"\"><\/i><p class=\"normal_icon_list \" style=\"\">Instal\u00b7lacions especials.<\/p><\/div><div class=\"q_icon_list\"><i class=\"fa fa-check normal_icon_list  circle\" style=\"\"><\/i><p class=\"normal_icon_list \" style=\"\">Dom\u00f2tica.<\/p><\/div><div class=\"q_icon_list\"><i class=\"fa fa-check normal_icon_list  circle\" style=\"\"><\/i><p class=\"normal_icon_list \" style=\"\">Activitats.<\/p><\/div><div class=\"q_icon_list\"><i class=\"fa fa-check normal_icon_list  circle\" style=\"\"><\/i><p class=\"normal_icon_list \" style=\"\">Plans d'autoprotecci\u00f3.<\/p><\/div>[\/vc_column][vc_column width=&#8221;1\/3&#8243;]<div class=\"q_icon_list\"><i class=\"fa fa-check normal_icon_list  circle\" style=\"\"><\/i><p class=\"normal_icon_list \" style=\"\">Tramitacions.<\/p><\/div><div class=\"q_icon_list\"><i class=\"fa fa-check normal_icon_list  circle\" style=\"\"><\/i><p class=\"normal_icon_list \" style=\"\">Obtenci\u00f3 de Subvencions.<\/p><\/div><div class=\"q_icon_list\"><i class=\"fa fa-check normal_icon_list  circle\" style=\"\"><\/i><p class=\"normal_icon_list \" style=\"\">Tot tipus de desenvolupaments d'instal\u00b7lacions.<\/p><\/div>[\/vc_column][\/vc_row][vc_row row_type=&#8221;parallax&#8221; text_align=&#8221;center&#8221; background_image=&#8221;429&#8243; full_screen_section_height=&#8221;no&#8221; css=&#8221;.vc_custom_1609244175861{background-position: center !important;background-repeat: no-repeat !important;background-size: contain !important;}&#8221;][vc_column][vc_empty_space height=&#8221;91px&#8221;]<a href=\"http:\/\/www.vectorblau.com\/de\/contacte\/\" target=\"_self\"  class=\"qbutton  move_icon\" style=\"color: #ffffff; \">CONTACTAR AMB VECTOR BLAU<\/a>[vc_empty_space height=&#8221;91px&#8221;][\/vc_column][\/vc_row]<\/p>\n","protected":false},"excerpt":{"rendered":"<p>[vc_row row_type=&#8221;row&#8221; use_row_as_full_screen_section=&#8221;no&#8221; type=&#8221;grid&#8221; text_align=&#8221;left&#8221; background_animation=&#8221;none&#8221; css_animation=&#8221;&#8221; css=&#8221;.vc_custom_1613650044516{margin-top: 100px !important;}&#8221;][vc_column offset=&#8221;vc_col-lg-offset-0 vc_col-lg-5 vc_col-md-offset-0 vc_col-md-5 vc_col-sm-offset-0&#8243;][vc_column_text] Vector Blau desde 1967 [\/vc_column_text][vc_separator type=&#8221;transparent&#8221; border_style=&#8221;&#8221; up=&#8221;40&#8243; down=&#8221;0&#8243;][vc_single_image image=&#8221;955&#8243; img_size=&#8221;large&#8221; qode_css_animation=&#8221;&#8221;][vc_column_text]A Vector Blau, insistim molt en donar valor afegit als nostres treballs i buscar sempre la satisfacci\u00f3 del client&#8230;.<\/p>\n","protected":false},"author":1,"featured_media":0,"parent":0,"menu_order":0,"comment_status":"closed","ping_status":"closed","template":"full_width.php","meta":[],"_links":{"self":[{"href":"https:\/\/www.vectorblau.com\/ca\/wp-json\/wp\/v2\/pages\/1139"}],"collection":[{"href":"https:\/\/www.vectorblau.com\/ca\/wp-json\/wp\/v2\/pages"}],"about":[{"href":"https:\/\/www.vectorblau.com\/ca\/wp-json\/wp\/v2\/types\/page"}],"author":[{"embeddable":true,"href":"https:\/\/www.vectorblau.com\/ca\/wp-json\/wp\/v2\/users\/1"}],"replies":[{"embeddable":true,"href":"https:\/\/www.vectorblau.com\/ca\/wp-json\/wp\/v2\/comments?post=1139"}],"version-history":[{"count":5,"href":"https:\/\/www.vectorblau.com\/ca\/wp-json\/wp\/v2\/pages\/1139\/revisions"}],"predecessor-version":[{"id":1256,"href":"https:\/\/www.vectorblau.com\/ca\/wp-json\/wp\/v2\/pages\/1139\/revisions\/1256"}],"wp:attachment":[{"href":"https:\/\/www.vectorblau.com\/ca\/wp-json\/wp\/v2\/media?parent=1139"}],"curies":[{"name":"wp","href":"https:\/\/api.w.org\/{rel}","templated":true}]}}